{"id":1962,"date":"2024-12-06T09:30:38","date_gmt":"2024-12-06T13:30:38","guid":{"rendered":"https:\/\/dygairductservice.com\/?page_id=1962"},"modified":"2024-12-06T11:06:58","modified_gmt":"2024-12-06T15:06:58","slug":"commitment-to-safety-and-health","status":"publish","type":"page","link":"https:\/\/dygairductservice.com\/es\/commitment-to-safety-and-health\/","title":{"rendered":"Compromiso con la seguridad y salud."},"content":{"rendered":"<div class=\"wp-block-stackable-hero alignfull stk-block-hero stk-has-bottom-separator stk-block stk-67d0dc6 stk-block-background stk--has-background-overlay\" data-v=\"2\" data-block-id=\"67d0dc6\"><style>.stk-67d0dc6 {background-color:linear-gradient(90deg, #006ba1 0%, #7bdcb5 100%) !important;background-image:url(http:\/\/dygairductservice.com\/wp-content\/uploads\/2024\/12\/fondo3.svg) !important;background-attachment:fixed !important;min-height:900px !important;align-items:center !important;display:flex !important;}.stk-67d0dc6:before{opacity:0.9 !important;background-image:linear-gradient(90deg, #006ba1 0%, #7bdcb5 100%) !important;}.stk-67d0dc6 .stk-block-hero__content{min-height:500px !important;align-items:center !important;display:flex !important;}<\/style><div class=\"stk-block-hero__content stk-content-align stk-67d0dc6-column alignwide stk-container stk-67d0dc6-container stk--no-background stk--no-padding\"><div class=\"stk-block-content stk-inner-blocks has-text-align-center stk-67d0dc6-inner-blocks\">\n<div class=\"wp-block-stackable-heading stk-block-heading stk-block-heading--v2 stk-block stk-e9be6f3\" id=\"d-amp-g\" data-block-id=\"e9be6f3\"><style>.stk-e9be6f3 .stk-block-heading__text{font-size:64px !important;color:var(--theme-palette-color-1, #F2DD9A) !important;font-weight:900 !important;font-family:\"Lato\", Sans-serif !important;}@media screen and (max-width:999px){.stk-e9be6f3 .stk-block-heading__text{font-size:50px !important;}}<\/style><h1 class=\"stk-block-heading__text has-text-color has-white-color\">D&amp;G<\/h1><\/div>\n\n\n\n<div class=\"wp-block-stackable-text stk-block-text stk-block stk-b5bdfc7\" data-block-id=\"b5bdfc7\"><style>.stk-b5bdfc7 .stk-block-text__text{color:var(--theme-palette-color-4, #1E262E) !important;}<\/style><p class=\"stk-block-text__text has-text-color has-white-color\">Nuestros servicios est\u00e1n dise\u00f1ados para mejorar la calidad del aire interior, reducir los riesgos de incendio y mejorar la seguridad de su hogar o negocio. Priorizamos su bienestar utilizando m\u00e9todos efectivos y ecol\u00f3gicos.<\/p><\/div>\n<\/div><\/div><div class=\"stk-separator stk-separator__bottom\"><div class=\"stk-separator__wrapper\"><svg xmlns=\"http:\/\/www.w3.org\/2000\/svg\" viewbox=\"0 0 1600 200\" class=\"stk-separator__layer-1\" preserveaspectratio=\"none\" aria-hidden=\"true\"><path class=\"wave-3_svg__st2\" d=\"M1413.6 161.4c-157.9 0-338.2-37.7-495.1-67.4-215.6-40.8-328.1-44.6-418.2-41.1S317 73.4 188.4 102-10 136.2-10 136.2v74.2h1620v-68.5s-68.8 19.5-196.4 19.5z\"><\/path><\/svg><\/div><\/div><\/div>\n\n\n\n<p>En D&amp;G Air Duct Service, su seguridad y salud son nuestra principal prioridad. Entendemos que mantener un ambiente limpio y seguro va m\u00e1s all\u00e1 de la apariencia; impacta directamente en su bienestar. Es por eso que nuestros servicios, desde la limpieza de conductos de aire hasta la prevenci\u00f3n de moho, est\u00e1n dise\u00f1ados para crear espacios m\u00e1s saludables para usted y su familia.<\/p>\n\n\n\n<h4 class=\"wp-block-heading\"><strong>\u00bfPor qu\u00e9 la seguridad y la salud son importantes?<\/strong><\/h4>\n\n\n\n<p>Los contaminantes como el polvo, el moho y las bacterias pueden acumularse en los conductos de aire y las ventilas, lo que lleva a una mala calidad del aire interior. Con el tiempo, estos contaminantes pueden desencadenar alergias, problemas respiratorios y otras preocupaciones de salud. Nuestros servicios de limpieza y mantenimiento integral est\u00e1n dise\u00f1ados para eliminar estos riesgos.<\/p>\n\n\n\n<h4 class=\"wp-block-heading\"><strong>Nuestros protocolos de seguridad<\/strong><\/h4>\n\n\n\n<ol class=\"wp-block-list\">\n<li><strong>Productos ecol\u00f3gicos<\/strong>: Usamos desinfectantes no t\u00f3xicos, aprobados por la EPA, para garantizar una limpieza efectiva y segura.<\/li>\n\n\n\n<li><strong>Inspecciones exhaustivas<\/strong>: Antes de comenzar cualquier servicio, evaluamos el sistema para identificar posibles peligros.<\/li>\n\n\n\n<li><strong>Pr\u00e1cticas seguras<\/strong>: Nuestros t\u00e9cnicos siguen estrictas pautas de seguridad para proteger su propiedad durante el trabajo.<\/li>\n<\/ol>\n\n\n\n<h4 class=\"wp-block-heading\"><strong>Beneficios para la salud de nuestros servicios<\/strong><\/h4>\n\n\n\n<ul class=\"wp-block-list\">\n<li><strong>Alivio de alergias<\/strong>: Elimine los al\u00e9rgenos e irritantes de su hogar.<\/li>\n\n\n\n<li><strong>Prevenci\u00f3n de moho<\/strong>: Elimine las condiciones h\u00famedas que favorecen el crecimiento de moho y hongos da\u00f1inos.<\/li>\n\n\n\n<li><strong>Mejora de la Calidad del Aire<\/strong>: Respire aire m\u00e1s limpio y fresco todos los d\u00edas.<\/li>\n<\/ul>\n\n\n\n<p>Invierta en la salud y el bienestar de su familia con D&amp;G Air Duct Service. D\u00e9jenos ayudarlo a crear un ambiente interior m\u00e1s seguro y saludable hoy mismo.<\/p>","protected":false},"excerpt":{"rendered":"<p>D&amp;G Our services are designed to improve indoor air quality, reduce fire hazards, and enhance the safety of your home or business. We prioritize your well-being by using effective and eco-friendly methods. At D&amp;G Air Duct Service, your safety and health are our top priorities. We understand that maintaining a clean and safe environment goes [&hellip;]<\/p>","protected":false},"author":1,"featured_media":0,"parent":0,"menu_order":0,"comment_status":"closed","ping_status":"closed","template":"","meta":{"footnotes":""},"class_list":["post-1962","page","type-page","status-publish","hentry"],"blocksy_meta":[],"_links":{"self":[{"href":"https:\/\/dygairductservice.com\/es\/wp-json\/wp\/v2\/pages\/1962","targetHints":{"allow":["GET"]}}],"collection":[{"href":"https:\/\/dygairductservice.com\/es\/wp-json\/wp\/v2\/pages"}],"about":[{"href":"https:\/\/dygairductservice.com\/es\/wp-json\/wp\/v2\/types\/page"}],"author":[{"embeddable":true,"href":"https:\/\/dygairductservice.com\/es\/wp-json\/wp\/v2\/users\/1"}],"replies":[{"embeddable":true,"href":"https:\/\/dygairductservice.com\/es\/wp-json\/wp\/v2\/comments?post=1962"}],"version-history":[{"count":0,"href":"https:\/\/dygairductservice.com\/es\/wp-json\/wp\/v2\/pages\/1962\/revisions"}],"wp:attachment":[{"href":"https:\/\/dygairductservice.com\/es\/wp-json\/wp\/v2\/media?parent=1962"}],"curies":[{"name":"wp","href":"https:\/\/api.w.org\/{rel}","templated":true}]}}