{"id":1960,"date":"2024-12-06T09:30:04","date_gmt":"2024-12-06T13:30:04","guid":{"rendered":"https:\/\/dygairductservice.com\/?page_id=1960"},"modified":"2024-12-06T10:56:11","modified_gmt":"2024-12-06T14:56:11","slug":"experienced-professionals","status":"publish","type":"page","link":"https:\/\/dygairductservice.com\/es\/experienced-professionals\/","title":{"rendered":"Profesionales Experimentados"},"content":{"rendered":"<div class=\"wp-block-stackable-hero alignfull stk-block-hero stk-has-bottom-separator stk-block stk-67d0dc6 stk-block-background stk--has-background-overlay\" data-v=\"2\" data-block-id=\"67d0dc6\"><style>.stk-67d0dc6 {background-color:linear-gradient(90deg, #006ba1 0%, #7bdcb5 100%) !important;background-image:url(http:\/\/dygairductservice.com\/wp-content\/uploads\/2024\/08\/ac-equipment-replacement.jpg) !important;background-attachment:fixed !important;min-height:900px !important;align-items:center !important;display:flex !important;}.stk-67d0dc6:before{opacity:0.9 !important;background-image:linear-gradient(90deg, #006ba1 0%, #7bdcb5 100%) !important;}.stk-67d0dc6 .stk-block-hero__content{min-height:500px !important;align-items:center !important;display:flex !important;}<\/style><div class=\"stk-block-hero__content stk-content-align stk-67d0dc6-column alignwide stk-container stk-67d0dc6-container stk--no-background stk--no-padding\"><div class=\"stk-block-content stk-inner-blocks has-text-align-center stk-67d0dc6-inner-blocks\">\n<div class=\"wp-block-stackable-heading stk-block-heading stk-block-heading--v2 stk-block stk-e9be6f3\" id=\"d-amp-g\" data-block-id=\"e9be6f3\"><style>.stk-e9be6f3 .stk-block-heading__text{font-size:64px !important;color:var(--theme-palette-color-1, #F2DD9A) !important;font-weight:900 !important;font-family:\"Lato\", Sans-serif !important;}@media screen and (max-width:999px){.stk-e9be6f3 .stk-block-heading__text{font-size:50px !important;}}<\/style><h1 class=\"stk-block-heading__text has-text-color has-white-color\">D&amp;G<\/h1><\/div>\n\n\n\n<div class=\"wp-block-stackable-text stk-block-text stk-block stk-b5bdfc7\" data-block-id=\"b5bdfc7\"><style>.stk-b5bdfc7 .stk-block-text__text{color:var(--theme-palette-color-4, #1E262E) !important;}<\/style><p class=\"stk-block-text__text has-text-color has-white-color\">Con 4 a\u00f1os de experiencia sirviendo en Florida, nuestros t\u00e9cnicos capacitados aportan una experiencia inigualable en cada trabajo. Desde la limpieza de ductos de aire hasta reparaciones de chimeneas, ofrecemos soluciones adaptadas a tus necesidades.<\/p><\/div>\n<\/div><\/div><div class=\"stk-separator stk-separator__bottom\"><div class=\"stk-separator__wrapper\"><svg xmlns=\"http:\/\/www.w3.org\/2000\/svg\" viewbox=\"0 0 1600 200\" class=\"stk-separator__layer-1\" preserveaspectratio=\"none\" aria-hidden=\"true\"><path class=\"wave-3_svg__st2\" d=\"M1413.6 161.4c-157.9 0-338.2-37.7-495.1-67.4-215.6-40.8-328.1-44.6-418.2-41.1S317 73.4 188.4 102-10 136.2-10 136.2v74.2h1620v-68.5s-68.8 19.5-196.4 19.5z\"><\/path><\/svg><\/div><\/div><\/div>\n\n\n\n<p>La experiencia no es solo una palabra de moda, es la piedra angular de un servicio excepcional. En D&amp;G Air Duct Service, aportamos m\u00e1s de cuatro a\u00f1os de experiencia comprobada a cada proyecto, asegurando que sus necesidades de calidad del aire se manejen con precisi\u00f3n y cuidado. Desde el mantenimiento rutinario hasta las reparaciones m\u00e1s complejas, nuestros t\u00e9cnicos capacitados se encargan de todo con confianza y profesionalismo.<\/p>\n\n\n\n<h4 class=\"wp-block-heading\"><strong>\u00bfPor qu\u00e9 la experiencia es importante?<\/strong><\/h4>\n\n\n\n<ol class=\"wp-block-list\">\n<li><strong>Diagn\u00f3stico preciso<\/strong>: Nuestros profesionales experimentados pueden identificar y resolver problemas de manera eficiente.<\/li>\n\n\n\n<li><strong>T\u00e9cnicas avanzadas<\/strong>: A\u00f1os de experiencia pr\u00e1ctica nos permiten mantenernos a la vanguardia de los avances en la industria.<\/li>\n\n\n\n<li><strong>Satisfacci\u00f3n del cliente<\/strong>: Con cada trabajo que completamos, perfeccionamos nuestros procesos para servirle mejor.<\/li>\n<\/ol>\n\n\n\n<h4 class=\"wp-block-heading\"><strong>La experiencia de nuestro equipo<\/strong><\/h4>\n\n\n\n<p>Nuestros profesionales reciben una capacitaci\u00f3n rigurosa y se mantienen actualizados con los \u00faltimos est\u00e1ndares de la industria. Esto nos permite ofrecer una variedad de servicios, desde limpieza detallada de conductos de aire hasta reparaci\u00f3n de conductos de secadora y aire acondicionado, con una precisi\u00f3n inigualable. Ya sea trabajando en una vivienda residencial o en una gran propiedad comercial, nuestro equipo adapta las soluciones a sus necesidades espec\u00edficas.<\/p>\n\n\n\n<h4 class=\"wp-block-heading\"><strong>La diferencia D&amp;G<\/strong><\/h4>\n\n\n\n<ul class=\"wp-block-list\">\n<li><strong>Atenci\u00f3n al detalle<\/strong>: No dejamos ning\u00fan aspecto sin revisar, asegur\u00e1ndonos de que cada ventilaci\u00f3n, conducto o sistema est\u00e9 optimizado.<\/li>\n\n\n\n<li><strong>Servicio amable<\/strong>: Nuestro equipo valora la comunicaci\u00f3n y hace todo lo posible por ofrecer una experiencia fluida.<\/li>\n\n\n\n<li><strong>Resultados comprobados<\/strong>: Las innumerables rese\u00f1as positivas y clientes satisfechos hablan de nuestra dedicaci\u00f3n y experiencia.<\/li>\n<\/ul>\n\n\n\n<p>Cuando elige D&amp;G Air Duct Service, no solo est\u00e1 contratando una empresa, est\u00e1 asoci\u00e1ndose con profesionales de confianza que se enorgullecen de ofrecer resultados excepcionales.<\/p>","protected":false},"excerpt":{"rendered":"<p>D&amp;G With 4 years of experience serving Florida, our skilled technicians bring unmatched expertise to every job. From air duct cleaning to chimney repairs, we deliver solutions tailored to your needs. Experience isn\u2019t just a buzzword\u2014it\u2019s the cornerstone of exceptional service. At D&amp;G Air Duct Service, we bring over four years of proven expertise to [&hellip;]<\/p>","protected":false},"author":1,"featured_media":0,"parent":0,"menu_order":0,"comment_status":"closed","ping_status":"closed","template":"","meta":{"footnotes":""},"class_list":["post-1960","page","type-page","status-publish","hentry"],"blocksy_meta":[],"_links":{"self":[{"href":"https:\/\/dygairductservice.com\/es\/wp-json\/wp\/v2\/pages\/1960","targetHints":{"allow":["GET"]}}],"collection":[{"href":"https:\/\/dygairductservice.com\/es\/wp-json\/wp\/v2\/pages"}],"about":[{"href":"https:\/\/dygairductservice.com\/es\/wp-json\/wp\/v2\/types\/page"}],"author":[{"embeddable":true,"href":"https:\/\/dygairductservice.com\/es\/wp-json\/wp\/v2\/users\/1"}],"replies":[{"embeddable":true,"href":"https:\/\/dygairductservice.com\/es\/wp-json\/wp\/v2\/comments?post=1960"}],"version-history":[{"count":0,"href":"https:\/\/dygairductservice.com\/es\/wp-json\/wp\/v2\/pages\/1960\/revisions"}],"wp:attachment":[{"href":"https:\/\/dygairductservice.com\/es\/wp-json\/wp\/v2\/media?parent=1960"}],"curies":[{"name":"wp","href":"https:\/\/api.w.org\/{rel}","templated":true}]}}