{"id":1957,"date":"2024-12-06T09:28:22","date_gmt":"2024-12-06T13:28:22","guid":{"rendered":"https:\/\/dygairductservice.com\/?page_id=1957"},"modified":"2024-12-06T11:07:47","modified_gmt":"2024-12-06T15:07:47","slug":"warranty-you-can-trust","status":"publish","type":"page","link":"https:\/\/dygairductservice.com\/es\/warranty-you-can-trust\/","title":{"rendered":"Garant\u00eda en la que puedes confiar"},"content":{"rendered":"<div class=\"wp-block-stackable-hero alignfull stk-block-hero stk-has-bottom-separator stk-block stk-67d0dc6 stk-block-background stk--has-background-overlay\" data-v=\"2\" data-block-id=\"67d0dc6\"><style>.stk-67d0dc6 {background-color:linear-gradient(90deg, #006ba1 0%, #7bdcb5 100%) !important;background-image:url(http:\/\/dygairductservice.com\/wp-content\/uploads\/2024\/08\/commercia-ac2.jpeg) !important;min-height:900px !important;align-items:center !important;display:flex !important;}.stk-67d0dc6:before{opacity:0.9 !important;background-image:linear-gradient(90deg, #006ba1 0%, #7bdcb5 100%) !important;}.stk-67d0dc6 .stk-block-hero__content{min-height:500px !important;align-items:center !important;display:flex !important;}<\/style><div class=\"stk-block-hero__content stk-content-align stk-67d0dc6-column alignwide stk-container stk-67d0dc6-container stk--no-background stk--no-padding\"><div class=\"stk-block-content stk-inner-blocks has-text-align-center stk-67d0dc6-inner-blocks\">\n<div class=\"wp-block-stackable-heading stk-block-heading stk-block-heading--v2 stk-block stk-e9be6f3\" id=\"ad-amp-g\" data-block-id=\"e9be6f3\"><style>.stk-e9be6f3 .stk-block-heading__text{font-size:64px !important;color:var(--theme-palette-color-1, #F2DD9A) !important;font-weight:900 !important;font-family:\"Lato\", Sans-serif !important;}@media screen and (max-width:999px){.stk-e9be6f3 .stk-block-heading__text{font-size:50px !important;}}<\/style><h1 class=\"stk-block-heading__text has-text-color has-white-color\">D&amp;G<\/h1><\/div>\n\n\n\n<div class=\"wp-block-stackable-text stk-block-text stk-block stk-b5bdfc7\" data-block-id=\"b5bdfc7\"><style>.stk-b5bdfc7 .stk-block-text__text{color:var(--theme-palette-color-4, #1E262E) !important;}<\/style><p class=\"stk-block-text__text has-text-color has-white-color\">Todos nuestros servicios vienen con una garant\u00eda por escrito, brind\u00e1ndote confianza y tranquilidad. Respaldamos la calidad de nuestro trabajo, asegurando resultados duraderos y satisfacci\u00f3n completa.\n\n<\/p><\/div>\n<\/div><\/div><div class=\"stk-separator stk-separator__bottom\"><div class=\"stk-separator__wrapper\"><svg xmlns=\"http:\/\/www.w3.org\/2000\/svg\" viewbox=\"0 0 1600 200\" class=\"stk-separator__layer-1\" preserveaspectratio=\"none\" aria-hidden=\"true\"><path class=\"wave-3_svg__st2\" d=\"M1413.6 161.4c-157.9 0-338.2-37.7-495.1-67.4-215.6-40.8-328.1-44.6-418.2-41.1S317 73.4 188.4 102-10 136.2-10 136.2v74.2h1620v-68.5s-68.8 19.5-196.4 19.5z\"><\/path><\/svg><\/div><\/div><\/div>\n\n\n\n<p>Cuando invierte en un servicio para su hogar o negocio, merece la seguridad de que el trabajo se realizar\u00e1 correctamente. En **D&amp;G Air Duct Service**, respaldamos cada trabajo con una garant\u00eda en la que puede confiar. Desde la limpieza de conductos de aire y la reparaci\u00f3n de ventilaciones de secadora hasta la instalaci\u00f3n de sistemas de aire acondicionado, nuestra garant\u00eda refleja nuestra confianza en la calidad de nuestros servicios y nuestro compromiso con su satisfacci\u00f3n.<\/p>\n\n\n\n<h4 class=\"wp-block-heading\"><strong>\u00bfQu\u00e9 hace \u00fanica nuestra garant\u00eda?<\/strong><\/h4>\n\n\n\n<p>Nuestra garant\u00eda no es solo un documento, es nuestra promesa para usted. Detallamos claramente los t\u00e9rminos de cada garant\u00eda, asegur\u00e1ndonos de que sepa exactamente qu\u00e9 esperar. Ya sea una visita de seguimiento o una reparaci\u00f3n sin costo adicional, nuestro objetivo es ofrecer resultados duraderos sin complicaciones.<\/p>\n\n\n\n<h4 class=\"wp-block-heading\"><strong>Beneficios de una garant\u00eda confiable<\/strong><\/h4>\n\n\n\n<ol class=\"wp-block-list\">\n<li><strong>Tranquilidad<\/strong>: Sepa que cualquier problema ser\u00e1 atendido de manera r\u00e1pida y profesional.<\/li>\n\n\n\n<li><strong>Valor a largo plazo<\/strong>: Proteja su inversi\u00f3n y disfrute de beneficios prolongados de nuestros servicios.<\/li>\n\n\n\n<li><strong>Enfoque centrado en el cliente<\/strong>: Nuestras garant\u00edas est\u00e1n dise\u00f1adas pensando en usted, ofreciendo flexibilidad y respaldo.<\/li>\n<\/ol>\n\n\n\n<h4 class=\"wp-block-heading\"><strong>\u00bfPor qu\u00e9 confiar en nosotros?<\/strong><\/h4>\n\n\n\n<p>En D&amp;G Air Duct Service, nuestro trabajo se gu\u00eda por altos est\u00e1ndares de profesionalismo y transparencia. Nuestro equipo utiliza materiales y t\u00e9cnicas de primera calidad, asegurando que los resultados no solo cumplan, sino que superen sus expectativas. Si surge alg\u00fan problema, nos enfocamos en resolverlo r\u00e1pidamente para que pueda seguir disfrutando de un entorno limpio, seguro y eficiente.<\/p>\n\n\n\n<p>Cont\u00e1ctenos hoy mismo para conocer m\u00e1s sobre nuestras pol\u00edticas de garant\u00eda y descubrir por qu\u00e9 D&amp;G es un nombre confiable en toda Florida.<\/p>","protected":false},"excerpt":{"rendered":"<p>D&amp;G All our services come with a written guarantee, providing you with confidence and peace of mind. We stand by the quality of our work, ensuring long-lasting results and complete satisfaction. When you invest in a service for your home or business, you deserve the assurance that the work is done right. At D&amp;G Air [&hellip;]<\/p>","protected":false},"author":1,"featured_media":0,"parent":0,"menu_order":0,"comment_status":"closed","ping_status":"closed","template":"","meta":{"footnotes":""},"class_list":["post-1957","page","type-page","status-publish","hentry"],"blocksy_meta":[],"_links":{"self":[{"href":"https:\/\/dygairductservice.com\/es\/wp-json\/wp\/v2\/pages\/1957","targetHints":{"allow":["GET"]}}],"collection":[{"href":"https:\/\/dygairductservice.com\/es\/wp-json\/wp\/v2\/pages"}],"about":[{"href":"https:\/\/dygairductservice.com\/es\/wp-json\/wp\/v2\/types\/page"}],"author":[{"embeddable":true,"href":"https:\/\/dygairductservice.com\/es\/wp-json\/wp\/v2\/users\/1"}],"replies":[{"embeddable":true,"href":"https:\/\/dygairductservice.com\/es\/wp-json\/wp\/v2\/comments?post=1957"}],"version-history":[{"count":0,"href":"https:\/\/dygairductservice.com\/es\/wp-json\/wp\/v2\/pages\/1957\/revisions"}],"wp:attachment":[{"href":"https:\/\/dygairductservice.com\/es\/wp-json\/wp\/v2\/media?parent=1957"}],"curies":[{"name":"wp","href":"https:\/\/api.w.org\/{rel}","templated":true}]}}